{"id":1754,"date":"2025-10-01T11:46:02","date_gmt":"2025-10-01T09:46:02","guid":{"rendered":"https:\/\/domaine-ragot.com\/shop\/?post_type=product&#038;p=1754"},"modified":"2025-10-04T12:57:55","modified_gmt":"2025-10-04T10:57:55","slug":"magnum-givry-rouge-tradition-2020","status":"publish","type":"product","link":"https:\/\/domaine-ragot.com\/shop\/produit\/magnum-givry-rouge-tradition-2020\/","title":{"rendered":"Magnum Givry Rouge | &#8220;Tradition&#8221; | 2020"},"content":{"rendered":"","protected":false},"excerpt":{"rendered":"<p>Assemblage repr\u00e9sentatif du terroir de Givry, la cuv\u00e9e Tradition provient de plusieurs parcelles aux sols argilo-limoneux vari\u00e9s. Elle incarne l\u2019\u00e2me de l\u2019appellation avec ses ar\u00f4mes de fruits rouges et d\u2019\u00e9pices douces. La bouche, souple et harmonieuse, offre un plaisir imm\u00e9diat tout en conservant une belle profondeur. Un vin convivial et sinc\u00e8re, fid\u00e8le \u00e0 l\u2019esprit de Givry.<\/p>\n<p>Bouteille cachet\u00e9e \u00e0 la cire<\/p>\n","protected":false},"featured_media":1760,"template":"","meta":[],"product_cat":[27],"product_tag":[],"yoast_head":"<!-- This site is optimized with the Yoast SEO plugin v20.4 - https:\/\/yoast.com\/wordpress\/plugins\/seo\/ -->\n<title>DOMAINE RAGOT | Acheter en ligne | Givry 1er Cru \u00ab Clos Jus \u00bb 2017<\/title>\n<meta name=\"description\" content=\"Acheter en ligne nos Grands Vins de Bourgogne | Givry 1er Cru \u00ab Clos Jus \u00bb 2017\" \/>\n<meta name=\"robots\" content=\"index, follow, max-snippet:-1, max-image-preview:large, max-video-preview:-1\" \/>\n<link rel=\"canonical\" href=\"https:\/\/domaine-ragot.com\/shop\/produit\/magnum-givry-rouge-tradition-2020\/\" \/>\n<meta property=\"og:locale\" content=\"fr_FR\" \/>\n<meta property=\"og:type\" content=\"article\" \/>\n<meta property=\"og:title\" content=\"DOMAINE RAGOT | Acheter en ligne | Givry 1er Cru \u00ab Clos Jus \u00bb 2017\" \/>\n<meta property=\"og:description\" content=\"Acheter en ligne nos Grands Vins de Bourgogne | Givry 1er Cru \u00ab Clos Jus \u00bb 2017\" \/>\n<meta property=\"og:url\" content=\"https:\/\/domaine-ragot.com\/shop\/produit\/magnum-givry-rouge-tradition-2020\/\" \/>\n<meta property=\"og:site_name\" content=\"Shop - Domaine Nicolas Ragot\" \/>\n<meta property=\"article:modified_time\" content=\"2025-10-04T10:57:55+00:00\" \/>\n<meta property=\"og:image\" content=\"https:\/\/domaine-ragot.com\/shop\/wp-content\/uploads\/2025\/10\/Tradition-20-Mag-scaled.jpeg\" \/>\n\t<meta property=\"og:image:width\" content=\"1280\" \/>\n\t<meta property=\"og:image:height\" content=\"2560\" \/>\n\t<meta property=\"og:image:type\" content=\"image\/jpeg\" \/>\n<meta name=\"twitter:card\" content=\"summary_large_image\" \/>\n<script type=\"application\/ld+json\" class=\"yoast-schema-graph\">{\"@context\":\"https:\/\/schema.org\",\"@graph\":[{\"@type\":\"WebPage\",\"@id\":\"https:\/\/domaine-ragot.com\/shop\/produit\/magnum-givry-rouge-tradition-2020\/\",\"url\":\"https:\/\/domaine-ragot.com\/shop\/produit\/magnum-givry-rouge-tradition-2020\/\",\"name\":\"DOMAINE RAGOT | Acheter en ligne | Givry 1er Cru \u00ab Clos Jus \u00bb 2017\",\"isPartOf\":{\"@id\":\"https:\/\/domaine-ragot.com\/shop\/#website\"},\"datePublished\":\"2025-10-01T09:46:02+00:00\",\"dateModified\":\"2025-10-04T10:57:55+00:00\",\"description\":\"Acheter en ligne nos Grands Vins de Bourgogne | Givry 1er Cru \u00ab Clos Jus \u00bb 2017\",\"breadcrumb\":{\"@id\":\"https:\/\/domaine-ragot.com\/shop\/produit\/magnum-givry-rouge-tradition-2020\/#breadcrumb\"},\"inLanguage\":\"fr-FR\",\"potentialAction\":[{\"@type\":\"ReadAction\",\"target\":[\"https:\/\/domaine-ragot.com\/shop\/produit\/magnum-givry-rouge-tradition-2020\/\"]}]},{\"@type\":\"BreadcrumbList\",\"@id\":\"https:\/\/domaine-ragot.com\/shop\/produit\/magnum-givry-rouge-tradition-2020\/#breadcrumb\",\"itemListElement\":[{\"@type\":\"ListItem\",\"position\":1,\"name\":\"Accueil\",\"item\":\"https:\/\/domaine-ragot.com\/shop\/\"},{\"@type\":\"ListItem\",\"position\":2,\"name\":\"Produits\",\"item\":\"https:\/\/domaine-ragot.com\/shop\/shop\/\"},{\"@type\":\"ListItem\",\"position\":3,\"name\":\"Magnum Givry Rouge | &#8220;Tradition&#8221; | 2020\"}]},{\"@type\":\"WebSite\",\"@id\":\"https:\/\/domaine-ragot.com\/shop\/#website\",\"url\":\"https:\/\/domaine-ragot.com\/shop\/\",\"name\":\"Shop - Domaine Nicolas Ragot\",\"description\":\"\",\"potentialAction\":[{\"@type\":\"SearchAction\",\"target\":{\"@type\":\"EntryPoint\",\"urlTemplate\":\"https:\/\/domaine-ragot.com\/shop\/?s={search_term_string}\"},\"query-input\":\"required name=search_term_string\"}],\"inLanguage\":\"fr-FR\"}]}<\/script>\n<!-- \/ Yoast SEO plugin. -->","yoast_head_json":{"title":"DOMAINE RAGOT | Acheter en ligne | Givry 1er Cru \u00ab Clos Jus \u00bb 2017","description":"Acheter en ligne nos Grands Vins de Bourgogne | Givry 1er Cru \u00ab Clos Jus \u00bb 2017","robots":{"index":"index","follow":"follow","max-snippet":"max-snippet:-1","max-image-preview":"max-image-preview:large","max-video-preview":"max-video-preview:-1"},"canonical":"https:\/\/domaine-ragot.com\/shop\/produit\/magnum-givry-rouge-tradition-2020\/","og_locale":"fr_FR","og_type":"article","og_title":"DOMAINE RAGOT | Acheter en ligne | Givry 1er Cru \u00ab Clos Jus \u00bb 2017","og_description":"Acheter en ligne nos Grands Vins de Bourgogne | Givry 1er Cru \u00ab Clos Jus \u00bb 2017","og_url":"https:\/\/domaine-ragot.com\/shop\/produit\/magnum-givry-rouge-tradition-2020\/","og_site_name":"Shop - Domaine Nicolas Ragot","article_modified_time":"2025-10-04T10:57:55+00:00","og_image":[{"width":1280,"height":2560,"url":"https:\/\/domaine-ragot.com\/shop\/wp-content\/uploads\/2025\/10\/Tradition-20-Mag-scaled.jpeg","type":"image\/jpeg"}],"twitter_card":"summary_large_image","schema":{"@context":"https:\/\/schema.org","@graph":[{"@type":"WebPage","@id":"https:\/\/domaine-ragot.com\/shop\/produit\/magnum-givry-rouge-tradition-2020\/","url":"https:\/\/domaine-ragot.com\/shop\/produit\/magnum-givry-rouge-tradition-2020\/","name":"DOMAINE RAGOT | Acheter en ligne | Givry 1er Cru \u00ab Clos Jus \u00bb 2017","isPartOf":{"@id":"https:\/\/domaine-ragot.com\/shop\/#website"},"datePublished":"2025-10-01T09:46:02+00:00","dateModified":"2025-10-04T10:57:55+00:00","description":"Acheter en ligne nos Grands Vins de Bourgogne | Givry 1er Cru \u00ab Clos Jus \u00bb 2017","breadcrumb":{"@id":"https:\/\/domaine-ragot.com\/shop\/produit\/magnum-givry-rouge-tradition-2020\/#breadcrumb"},"inLanguage":"fr-FR","potentialAction":[{"@type":"ReadAction","target":["https:\/\/domaine-ragot.com\/shop\/produit\/magnum-givry-rouge-tradition-2020\/"]}]},{"@type":"BreadcrumbList","@id":"https:\/\/domaine-ragot.com\/shop\/produit\/magnum-givry-rouge-tradition-2020\/#breadcrumb","itemListElement":[{"@type":"ListItem","position":1,"name":"Accueil","item":"https:\/\/domaine-ragot.com\/shop\/"},{"@type":"ListItem","position":2,"name":"Produits","item":"https:\/\/domaine-ragot.com\/shop\/shop\/"},{"@type":"ListItem","position":3,"name":"Magnum Givry Rouge | &#8220;Tradition&#8221; | 2020"}]},{"@type":"WebSite","@id":"https:\/\/domaine-ragot.com\/shop\/#website","url":"https:\/\/domaine-ragot.com\/shop\/","name":"Shop - Domaine Nicolas Ragot","description":"","potentialAction":[{"@type":"SearchAction","target":{"@type":"EntryPoint","urlTemplate":"https:\/\/domaine-ragot.com\/shop\/?s={search_term_string}"},"query-input":"required name=search_term_string"}],"inLanguage":"fr-FR"}]}},"_links":{"self":[{"href":"https:\/\/domaine-ragot.com\/shop\/wp-json\/wp\/v2\/product\/1754"}],"collection":[{"href":"https:\/\/domaine-ragot.com\/shop\/wp-json\/wp\/v2\/product"}],"about":[{"href":"https:\/\/domaine-ragot.com\/shop\/wp-json\/wp\/v2\/types\/product"}],"wp:featuredmedia":[{"embeddable":true,"href":"https:\/\/domaine-ragot.com\/shop\/wp-json\/wp\/v2\/media\/1760"}],"wp:attachment":[{"href":"https:\/\/domaine-ragot.com\/shop\/wp-json\/wp\/v2\/media?parent=1754"}],"wp:term":[{"taxonomy":"product_cat","embeddable":true,"href":"https:\/\/domaine-ragot.com\/shop\/wp-json\/wp\/v2\/product_cat?post=1754"},{"taxonomy":"product_tag","embeddable":true,"href":"https:\/\/domaine-ragot.com\/shop\/wp-json\/wp\/v2\/product_tag?post=1754"}],"curies":[{"name":"wp","href":"https:\/\/api.w.org\/{rel}","templated":true}]}}