{"id":1736,"date":"2025-09-26T14:51:03","date_gmt":"2025-09-26T12:51:03","guid":{"rendered":"https:\/\/domaine-ragot.com\/shop\/?post_type=product&#038;p=1736"},"modified":"2025-10-04T12:44:34","modified_gmt":"2025-10-04T10:44:34","slug":"givry-blanc-pur-t-2023","status":"publish","type":"product","link":"https:\/\/domaine-ragot.com\/shop\/produit\/givry-blanc-pur-t-2023\/","title":{"rendered":"Givry Blanc | \u00ab Pur T \u00bb | 2023"},"content":{"rendered":"","protected":false},"excerpt":{"rendered":"<p>Issue de vignes anciennes soigneusement s\u00e9lectionn\u00e9es, la cuv\u00e9e \u00ab\u00a0Pur T\u00a0\u00bb est \u00e9lev\u00e9e en amphore, un contenant ancestral qui permet au vin de respirer sans subir l\u2019influence du bois. Ce choix d\u2019\u00e9levage r\u00e9v\u00e8le toute la finesse et la transparence du fruit, en pr\u00e9servant la fra\u00eecheur aromatique et l\u2019authenticit\u00e9 du terroir. \u00c9l\u00e9gant, pr\u00e9cis et vibrant, ce vin exprime la quintessence de ses vieilles vignes, dans une harmonie entre profondeur et l\u00e9g\u00e8ret\u00e9.<\/p>\n","protected":false},"featured_media":1713,"template":"","meta":[],"product_cat":[18],"product_tag":[],"yoast_head":"<!-- This site is optimized with the Yoast SEO plugin v20.4 - https:\/\/yoast.com\/wordpress\/plugins\/seo\/ -->\n<title>DOMAINE RAGOT | Acheter en ligne | Givry 1er Cru \u00ab Clos Jus \u00bb 2017<\/title>\n<meta name=\"description\" content=\"Acheter en ligne nos Grands Vins de Bourgogne | Givry 1er Cru \u00ab Clos Jus \u00bb 2017\" \/>\n<meta name=\"robots\" content=\"index, follow, max-snippet:-1, max-image-preview:large, max-video-preview:-1\" \/>\n<link rel=\"canonical\" href=\"https:\/\/domaine-ragot.com\/shop\/produit\/givry-blanc-pur-t-2023\/\" \/>\n<meta property=\"og:locale\" content=\"fr_FR\" \/>\n<meta property=\"og:type\" content=\"article\" \/>\n<meta property=\"og:title\" content=\"DOMAINE RAGOT | Acheter en ligne | Givry 1er Cru \u00ab Clos Jus \u00bb 2017\" \/>\n<meta property=\"og:description\" content=\"Acheter en ligne nos Grands Vins de Bourgogne | Givry 1er Cru \u00ab Clos Jus \u00bb 2017\" \/>\n<meta property=\"og:url\" content=\"https:\/\/domaine-ragot.com\/shop\/produit\/givry-blanc-pur-t-2023\/\" \/>\n<meta property=\"og:site_name\" content=\"Shop - Domaine Nicolas Ragot\" \/>\n<meta property=\"article:modified_time\" content=\"2025-10-04T10:44:34+00:00\" \/>\n<meta property=\"og:image\" content=\"https:\/\/domaine-ragot.com\/shop\/wp-content\/uploads\/2024\/08\/Pur-T-23--scaled.jpeg\" \/>\n\t<meta property=\"og:image:width\" content=\"1280\" \/>\n\t<meta property=\"og:image:height\" content=\"2560\" \/>\n\t<meta property=\"og:image:type\" content=\"image\/jpeg\" \/>\n<meta name=\"twitter:card\" content=\"summary_large_image\" \/>\n<script type=\"application\/ld+json\" class=\"yoast-schema-graph\">{\"@context\":\"https:\/\/schema.org\",\"@graph\":[{\"@type\":\"WebPage\",\"@id\":\"https:\/\/domaine-ragot.com\/shop\/produit\/givry-blanc-pur-t-2023\/\",\"url\":\"https:\/\/domaine-ragot.com\/shop\/produit\/givry-blanc-pur-t-2023\/\",\"name\":\"DOMAINE RAGOT | Acheter en ligne | Givry 1er Cru \u00ab Clos Jus \u00bb 2017\",\"isPartOf\":{\"@id\":\"https:\/\/domaine-ragot.com\/shop\/#website\"},\"datePublished\":\"2025-09-26T12:51:03+00:00\",\"dateModified\":\"2025-10-04T10:44:34+00:00\",\"description\":\"Acheter en ligne nos Grands Vins de Bourgogne | Givry 1er Cru \u00ab Clos Jus \u00bb 2017\",\"breadcrumb\":{\"@id\":\"https:\/\/domaine-ragot.com\/shop\/produit\/givry-blanc-pur-t-2023\/#breadcrumb\"},\"inLanguage\":\"fr-FR\",\"potentialAction\":[{\"@type\":\"ReadAction\",\"target\":[\"https:\/\/domaine-ragot.com\/shop\/produit\/givry-blanc-pur-t-2023\/\"]}]},{\"@type\":\"BreadcrumbList\",\"@id\":\"https:\/\/domaine-ragot.com\/shop\/produit\/givry-blanc-pur-t-2023\/#breadcrumb\",\"itemListElement\":[{\"@type\":\"ListItem\",\"position\":1,\"name\":\"Accueil\",\"item\":\"https:\/\/domaine-ragot.com\/shop\/\"},{\"@type\":\"ListItem\",\"position\":2,\"name\":\"Produits\",\"item\":\"https:\/\/domaine-ragot.com\/shop\/shop\/\"},{\"@type\":\"ListItem\",\"position\":3,\"name\":\"Givry Blanc | \u00ab Pur T \u00bb | 2023\"}]},{\"@type\":\"WebSite\",\"@id\":\"https:\/\/domaine-ragot.com\/shop\/#website\",\"url\":\"https:\/\/domaine-ragot.com\/shop\/\",\"name\":\"Shop - Domaine Nicolas Ragot\",\"description\":\"\",\"potentialAction\":[{\"@type\":\"SearchAction\",\"target\":{\"@type\":\"EntryPoint\",\"urlTemplate\":\"https:\/\/domaine-ragot.com\/shop\/?s={search_term_string}\"},\"query-input\":\"required name=search_term_string\"}],\"inLanguage\":\"fr-FR\"}]}<\/script>\n<!-- \/ Yoast SEO plugin. -->","yoast_head_json":{"title":"DOMAINE RAGOT | Acheter en ligne | Givry 1er Cru \u00ab Clos Jus \u00bb 2017","description":"Acheter en ligne nos Grands Vins de Bourgogne | Givry 1er Cru \u00ab Clos Jus \u00bb 2017","robots":{"index":"index","follow":"follow","max-snippet":"max-snippet:-1","max-image-preview":"max-image-preview:large","max-video-preview":"max-video-preview:-1"},"canonical":"https:\/\/domaine-ragot.com\/shop\/produit\/givry-blanc-pur-t-2023\/","og_locale":"fr_FR","og_type":"article","og_title":"DOMAINE RAGOT | Acheter en ligne | Givry 1er Cru \u00ab Clos Jus \u00bb 2017","og_description":"Acheter en ligne nos Grands Vins de Bourgogne | Givry 1er Cru \u00ab Clos Jus \u00bb 2017","og_url":"https:\/\/domaine-ragot.com\/shop\/produit\/givry-blanc-pur-t-2023\/","og_site_name":"Shop - Domaine Nicolas Ragot","article_modified_time":"2025-10-04T10:44:34+00:00","og_image":[{"width":1280,"height":2560,"url":"https:\/\/domaine-ragot.com\/shop\/wp-content\/uploads\/2024\/08\/Pur-T-23--scaled.jpeg","type":"image\/jpeg"}],"twitter_card":"summary_large_image","schema":{"@context":"https:\/\/schema.org","@graph":[{"@type":"WebPage","@id":"https:\/\/domaine-ragot.com\/shop\/produit\/givry-blanc-pur-t-2023\/","url":"https:\/\/domaine-ragot.com\/shop\/produit\/givry-blanc-pur-t-2023\/","name":"DOMAINE RAGOT | Acheter en ligne | Givry 1er Cru \u00ab Clos Jus \u00bb 2017","isPartOf":{"@id":"https:\/\/domaine-ragot.com\/shop\/#website"},"datePublished":"2025-09-26T12:51:03+00:00","dateModified":"2025-10-04T10:44:34+00:00","description":"Acheter en ligne nos Grands Vins de Bourgogne | Givry 1er Cru \u00ab Clos Jus \u00bb 2017","breadcrumb":{"@id":"https:\/\/domaine-ragot.com\/shop\/produit\/givry-blanc-pur-t-2023\/#breadcrumb"},"inLanguage":"fr-FR","potentialAction":[{"@type":"ReadAction","target":["https:\/\/domaine-ragot.com\/shop\/produit\/givry-blanc-pur-t-2023\/"]}]},{"@type":"BreadcrumbList","@id":"https:\/\/domaine-ragot.com\/shop\/produit\/givry-blanc-pur-t-2023\/#breadcrumb","itemListElement":[{"@type":"ListItem","position":1,"name":"Accueil","item":"https:\/\/domaine-ragot.com\/shop\/"},{"@type":"ListItem","position":2,"name":"Produits","item":"https:\/\/domaine-ragot.com\/shop\/shop\/"},{"@type":"ListItem","position":3,"name":"Givry Blanc | \u00ab Pur T \u00bb | 2023"}]},{"@type":"WebSite","@id":"https:\/\/domaine-ragot.com\/shop\/#website","url":"https:\/\/domaine-ragot.com\/shop\/","name":"Shop - Domaine Nicolas Ragot","description":"","potentialAction":[{"@type":"SearchAction","target":{"@type":"EntryPoint","urlTemplate":"https:\/\/domaine-ragot.com\/shop\/?s={search_term_string}"},"query-input":"required name=search_term_string"}],"inLanguage":"fr-FR"}]}},"_links":{"self":[{"href":"https:\/\/domaine-ragot.com\/shop\/wp-json\/wp\/v2\/product\/1736"}],"collection":[{"href":"https:\/\/domaine-ragot.com\/shop\/wp-json\/wp\/v2\/product"}],"about":[{"href":"https:\/\/domaine-ragot.com\/shop\/wp-json\/wp\/v2\/types\/product"}],"wp:featuredmedia":[{"embeddable":true,"href":"https:\/\/domaine-ragot.com\/shop\/wp-json\/wp\/v2\/media\/1713"}],"wp:attachment":[{"href":"https:\/\/domaine-ragot.com\/shop\/wp-json\/wp\/v2\/media?parent=1736"}],"wp:term":[{"taxonomy":"product_cat","embeddable":true,"href":"https:\/\/domaine-ragot.com\/shop\/wp-json\/wp\/v2\/product_cat?post=1736"},{"taxonomy":"product_tag","embeddable":true,"href":"https:\/\/domaine-ragot.com\/shop\/wp-json\/wp\/v2\/product_tag?post=1736"}],"curies":[{"name":"wp","href":"https:\/\/api.w.org\/{rel}","templated":true}]}}