{"id":1729,"date":"2025-09-26T14:37:11","date_gmt":"2025-09-26T12:37:11","guid":{"rendered":"https:\/\/domaine-ragot.com\/shop\/?post_type=product&#038;p=1729"},"modified":"2025-10-04T12:26:12","modified_gmt":"2025-10-04T10:26:12","slug":"givry-grands-pretans-2023","status":"publish","type":"product","link":"https:\/\/domaine-ragot.com\/shop\/produit\/givry-grands-pretans-2023\/","title":{"rendered":"Givry 1er cru | \u00ab Grands Pr\u00e9tans \u00bb | 2023"},"content":{"rendered":"","protected":false},"excerpt":{"rendered":"<p>Situ\u00e9 au c\u0153ur de l\u2019appellation, le climat Les Grands Pr\u00e9tans b\u00e9n\u00e9ficie d\u2019une belle exposition sud-est sur des sols argilo-calcaires profonds et caillouteux, gages de maturit\u00e9 et d\u2019\u00e9quilibre. Ce terroir offre un Pinot Noir puissant et \u00e9l\u00e9gant. La cuv\u00e9e d\u00e9ploie des ar\u00f4mes intenses de fruits rouges et noirs, relev\u00e9s d\u2019\u00e9pices et de notes florales. La bouche, ample et velout\u00e9e, associe structure et finesse, pour un vin de caract\u00e8re et de garde.<\/p>\n","protected":false},"featured_media":1712,"template":"","meta":[],"product_cat":[17],"product_tag":[],"yoast_head":"<!-- This site is optimized with the Yoast SEO plugin v20.4 - https:\/\/yoast.com\/wordpress\/plugins\/seo\/ -->\n<title>DOMAINE RAGOT | Acheter en ligne | Givry 1er Cru \u00ab Clos Jus \u00bb 2017<\/title>\n<meta name=\"description\" content=\"Acheter en ligne nos Grands Vins de Bourgogne | Givry 1er Cru \u00ab Clos Jus \u00bb 2017\" \/>\n<meta name=\"robots\" content=\"index, follow, max-snippet:-1, max-image-preview:large, max-video-preview:-1\" \/>\n<link rel=\"canonical\" href=\"https:\/\/domaine-ragot.com\/shop\/produit\/givry-grands-pretans-2023\/\" \/>\n<meta property=\"og:locale\" content=\"fr_FR\" \/>\n<meta property=\"og:type\" content=\"article\" \/>\n<meta property=\"og:title\" content=\"DOMAINE RAGOT | Acheter en ligne | Givry 1er Cru \u00ab Clos Jus \u00bb 2017\" \/>\n<meta property=\"og:description\" content=\"Acheter en ligne nos Grands Vins de Bourgogne | Givry 1er Cru \u00ab Clos Jus \u00bb 2017\" \/>\n<meta property=\"og:url\" content=\"https:\/\/domaine-ragot.com\/shop\/produit\/givry-grands-pretans-2023\/\" \/>\n<meta property=\"og:site_name\" content=\"Shop - Domaine Nicolas Ragot\" \/>\n<meta property=\"article:modified_time\" content=\"2025-10-04T10:26:12+00:00\" \/>\n<meta property=\"og:image\" content=\"https:\/\/domaine-ragot.com\/shop\/wp-content\/uploads\/2024\/08\/Grands-Pretans-23--scaled.jpeg\" \/>\n\t<meta property=\"og:image:width\" content=\"1280\" \/>\n\t<meta property=\"og:image:height\" content=\"2560\" \/>\n\t<meta property=\"og:image:type\" content=\"image\/jpeg\" \/>\n<meta name=\"twitter:card\" content=\"summary_large_image\" \/>\n<script type=\"application\/ld+json\" class=\"yoast-schema-graph\">{\"@context\":\"https:\/\/schema.org\",\"@graph\":[{\"@type\":\"WebPage\",\"@id\":\"https:\/\/domaine-ragot.com\/shop\/produit\/givry-grands-pretans-2023\/\",\"url\":\"https:\/\/domaine-ragot.com\/shop\/produit\/givry-grands-pretans-2023\/\",\"name\":\"DOMAINE RAGOT | Acheter en ligne | Givry 1er Cru \u00ab Clos Jus \u00bb 2017\",\"isPartOf\":{\"@id\":\"https:\/\/domaine-ragot.com\/shop\/#website\"},\"datePublished\":\"2025-09-26T12:37:11+00:00\",\"dateModified\":\"2025-10-04T10:26:12+00:00\",\"description\":\"Acheter en ligne nos Grands Vins de Bourgogne | Givry 1er Cru \u00ab Clos Jus \u00bb 2017\",\"breadcrumb\":{\"@id\":\"https:\/\/domaine-ragot.com\/shop\/produit\/givry-grands-pretans-2023\/#breadcrumb\"},\"inLanguage\":\"fr-FR\",\"potentialAction\":[{\"@type\":\"ReadAction\",\"target\":[\"https:\/\/domaine-ragot.com\/shop\/produit\/givry-grands-pretans-2023\/\"]}]},{\"@type\":\"BreadcrumbList\",\"@id\":\"https:\/\/domaine-ragot.com\/shop\/produit\/givry-grands-pretans-2023\/#breadcrumb\",\"itemListElement\":[{\"@type\":\"ListItem\",\"position\":1,\"name\":\"Accueil\",\"item\":\"https:\/\/domaine-ragot.com\/shop\/\"},{\"@type\":\"ListItem\",\"position\":2,\"name\":\"Produits\",\"item\":\"https:\/\/domaine-ragot.com\/shop\/shop\/\"},{\"@type\":\"ListItem\",\"position\":3,\"name\":\"Givry 1er cru | \u00ab Grands Pr\u00e9tans \u00bb | 2023\"}]},{\"@type\":\"WebSite\",\"@id\":\"https:\/\/domaine-ragot.com\/shop\/#website\",\"url\":\"https:\/\/domaine-ragot.com\/shop\/\",\"name\":\"Shop - Domaine Nicolas Ragot\",\"description\":\"\",\"potentialAction\":[{\"@type\":\"SearchAction\",\"target\":{\"@type\":\"EntryPoint\",\"urlTemplate\":\"https:\/\/domaine-ragot.com\/shop\/?s={search_term_string}\"},\"query-input\":\"required name=search_term_string\"}],\"inLanguage\":\"fr-FR\"}]}<\/script>\n<!-- \/ Yoast SEO plugin. -->","yoast_head_json":{"title":"DOMAINE RAGOT | Acheter en ligne | Givry 1er Cru \u00ab Clos Jus \u00bb 2017","description":"Acheter en ligne nos Grands Vins de Bourgogne | Givry 1er Cru \u00ab Clos Jus \u00bb 2017","robots":{"index":"index","follow":"follow","max-snippet":"max-snippet:-1","max-image-preview":"max-image-preview:large","max-video-preview":"max-video-preview:-1"},"canonical":"https:\/\/domaine-ragot.com\/shop\/produit\/givry-grands-pretans-2023\/","og_locale":"fr_FR","og_type":"article","og_title":"DOMAINE RAGOT | Acheter en ligne | Givry 1er Cru \u00ab Clos Jus \u00bb 2017","og_description":"Acheter en ligne nos Grands Vins de Bourgogne | Givry 1er Cru \u00ab Clos Jus \u00bb 2017","og_url":"https:\/\/domaine-ragot.com\/shop\/produit\/givry-grands-pretans-2023\/","og_site_name":"Shop - Domaine Nicolas Ragot","article_modified_time":"2025-10-04T10:26:12+00:00","og_image":[{"width":1280,"height":2560,"url":"https:\/\/domaine-ragot.com\/shop\/wp-content\/uploads\/2024\/08\/Grands-Pretans-23--scaled.jpeg","type":"image\/jpeg"}],"twitter_card":"summary_large_image","schema":{"@context":"https:\/\/schema.org","@graph":[{"@type":"WebPage","@id":"https:\/\/domaine-ragot.com\/shop\/produit\/givry-grands-pretans-2023\/","url":"https:\/\/domaine-ragot.com\/shop\/produit\/givry-grands-pretans-2023\/","name":"DOMAINE RAGOT | Acheter en ligne | Givry 1er Cru \u00ab Clos Jus \u00bb 2017","isPartOf":{"@id":"https:\/\/domaine-ragot.com\/shop\/#website"},"datePublished":"2025-09-26T12:37:11+00:00","dateModified":"2025-10-04T10:26:12+00:00","description":"Acheter en ligne nos Grands Vins de Bourgogne | Givry 1er Cru \u00ab Clos Jus \u00bb 2017","breadcrumb":{"@id":"https:\/\/domaine-ragot.com\/shop\/produit\/givry-grands-pretans-2023\/#breadcrumb"},"inLanguage":"fr-FR","potentialAction":[{"@type":"ReadAction","target":["https:\/\/domaine-ragot.com\/shop\/produit\/givry-grands-pretans-2023\/"]}]},{"@type":"BreadcrumbList","@id":"https:\/\/domaine-ragot.com\/shop\/produit\/givry-grands-pretans-2023\/#breadcrumb","itemListElement":[{"@type":"ListItem","position":1,"name":"Accueil","item":"https:\/\/domaine-ragot.com\/shop\/"},{"@type":"ListItem","position":2,"name":"Produits","item":"https:\/\/domaine-ragot.com\/shop\/shop\/"},{"@type":"ListItem","position":3,"name":"Givry 1er cru | \u00ab Grands Pr\u00e9tans \u00bb | 2023"}]},{"@type":"WebSite","@id":"https:\/\/domaine-ragot.com\/shop\/#website","url":"https:\/\/domaine-ragot.com\/shop\/","name":"Shop - Domaine Nicolas Ragot","description":"","potentialAction":[{"@type":"SearchAction","target":{"@type":"EntryPoint","urlTemplate":"https:\/\/domaine-ragot.com\/shop\/?s={search_term_string}"},"query-input":"required name=search_term_string"}],"inLanguage":"fr-FR"}]}},"_links":{"self":[{"href":"https:\/\/domaine-ragot.com\/shop\/wp-json\/wp\/v2\/product\/1729"}],"collection":[{"href":"https:\/\/domaine-ragot.com\/shop\/wp-json\/wp\/v2\/product"}],"about":[{"href":"https:\/\/domaine-ragot.com\/shop\/wp-json\/wp\/v2\/types\/product"}],"wp:featuredmedia":[{"embeddable":true,"href":"https:\/\/domaine-ragot.com\/shop\/wp-json\/wp\/v2\/media\/1712"}],"wp:attachment":[{"href":"https:\/\/domaine-ragot.com\/shop\/wp-json\/wp\/v2\/media?parent=1729"}],"wp:term":[{"taxonomy":"product_cat","embeddable":true,"href":"https:\/\/domaine-ragot.com\/shop\/wp-json\/wp\/v2\/product_cat?post=1729"},{"taxonomy":"product_tag","embeddable":true,"href":"https:\/\/domaine-ragot.com\/shop\/wp-json\/wp\/v2\/product_tag?post=1729"}],"curies":[{"name":"wp","href":"https:\/\/api.w.org\/{rel}","templated":true}]}}