{"id":1216,"date":"2021-06-17T11:36:41","date_gmt":"2021-06-17T09:36:41","guid":{"rendered":"https:\/\/domaine-ragot.com\/shop\/?post_type=product&#038;p=1216"},"modified":"2025-10-04T12:46:20","modified_gmt":"2025-10-04T10:46:20","slug":"givry-blanc-teppe-des-cheneves-2020","status":"publish","type":"product","link":"https:\/\/domaine-ragot.com\/shop\/produit\/givry-blanc-teppe-des-cheneves-2020\/","title":{"rendered":"Givry Blanc | \u00ab Teppe des Chen\u00e8ves \u00bb | 2023"},"content":{"rendered":"","protected":false},"excerpt":{"rendered":"<p>En haut de coteau, sur des sols calcaires caillouteux et expos\u00e9s plein Est, la vigne respire la fra\u00eecheur et la lumi\u00e8re du matin.<\/p>\n<p>La cuv\u00e9e Teppe des Chen\u00e8ves Blanc b\u00e9n\u00e9ficie d\u2019un \u00e9levage singulier : moiti\u00e9 en amphore, moiti\u00e9 en f\u00fbt. Cet \u00e9quilibre r\u00e9v\u00e8le un Chardonnay \u00e9clatant, aux ar\u00f4mes d\u2019agrumes et de fleurs, vibrant de min\u00e9ralit\u00e9 et de puret\u00e9. Un vin pr\u00e9cis et lumineux, marqu\u00e9 par son terroir d\u2019altitude.<\/p>\n<p>L\u2019\u00e9levage en amphore : ce contenant neutre et poreux favorise une micro-oxyg\u00e9nation douce, sans ar\u00f4mes de bois ajout\u00e9s. Il met ainsi en avant la fra\u00eecheur, la puret\u00e9 et la sinc\u00e9rit\u00e9 du vin, en sublimant la min\u00e9ralit\u00e9 et le caract\u00e8re du terroir.<\/p>\n<p><a href=\"https:\/\/domaine-ragot.com\/shop\/wp-content\/uploads\/2020\/04\/DOMAINE-RAGOT_Givry-Blanc-Teppe-des-Cheneves-2018.pdf\" target=\"_blank\" rel=\"noopener noreferrer\">T\u00e9l\u00e9charger la fiche technique &gt;&gt;<\/a><\/p>\n","protected":false},"featured_media":1715,"template":"","meta":[],"product_cat":[18],"product_tag":[],"yoast_head":"<!-- This site is optimized with the Yoast SEO plugin v20.4 - https:\/\/yoast.com\/wordpress\/plugins\/seo\/ -->\n<title>DOMAINE RAGOT | Acheter en ligne | Givry 1er Cru \u00ab Clos Jus \u00bb 2017<\/title>\n<meta name=\"description\" content=\"Acheter en ligne nos Grands Vins de Bourgogne | Givry 1er Cru \u00ab Clos Jus \u00bb 2017\" \/>\n<meta name=\"robots\" content=\"index, follow, max-snippet:-1, max-image-preview:large, max-video-preview:-1\" \/>\n<link rel=\"canonical\" href=\"https:\/\/domaine-ragot.com\/shop\/produit\/givry-blanc-teppe-des-cheneves-2020\/\" \/>\n<meta property=\"og:locale\" content=\"fr_FR\" \/>\n<meta property=\"og:type\" content=\"article\" \/>\n<meta property=\"og:title\" content=\"DOMAINE RAGOT | Acheter en ligne | Givry 1er Cru \u00ab Clos Jus \u00bb 2017\" \/>\n<meta property=\"og:description\" content=\"Acheter en ligne nos Grands Vins de Bourgogne | Givry 1er Cru \u00ab Clos Jus \u00bb 2017\" \/>\n<meta property=\"og:url\" content=\"https:\/\/domaine-ragot.com\/shop\/produit\/givry-blanc-teppe-des-cheneves-2020\/\" \/>\n<meta property=\"og:site_name\" content=\"Shop - Domaine Nicolas Ragot\" \/>\n<meta property=\"article:modified_time\" content=\"2025-10-04T10:46:20+00:00\" \/>\n<meta property=\"og:image\" content=\"https:\/\/domaine-ragot.com\/shop\/wp-content\/uploads\/2024\/08\/Teppe-Blanc-23--scaled.jpeg\" \/>\n\t<meta property=\"og:image:width\" content=\"1280\" \/>\n\t<meta property=\"og:image:height\" content=\"2560\" \/>\n\t<meta property=\"og:image:type\" content=\"image\/jpeg\" \/>\n<meta name=\"twitter:card\" content=\"summary_large_image\" \/>\n<script type=\"application\/ld+json\" class=\"yoast-schema-graph\">{\"@context\":\"https:\/\/schema.org\",\"@graph\":[{\"@type\":\"WebPage\",\"@id\":\"https:\/\/domaine-ragot.com\/shop\/produit\/givry-blanc-teppe-des-cheneves-2020\/\",\"url\":\"https:\/\/domaine-ragot.com\/shop\/produit\/givry-blanc-teppe-des-cheneves-2020\/\",\"name\":\"DOMAINE RAGOT | Acheter en ligne | Givry 1er Cru \u00ab Clos Jus \u00bb 2017\",\"isPartOf\":{\"@id\":\"https:\/\/domaine-ragot.com\/shop\/#website\"},\"datePublished\":\"2021-06-17T09:36:41+00:00\",\"dateModified\":\"2025-10-04T10:46:20+00:00\",\"description\":\"Acheter en ligne nos Grands Vins de Bourgogne | Givry 1er Cru \u00ab Clos Jus \u00bb 2017\",\"breadcrumb\":{\"@id\":\"https:\/\/domaine-ragot.com\/shop\/produit\/givry-blanc-teppe-des-cheneves-2020\/#breadcrumb\"},\"inLanguage\":\"fr-FR\",\"potentialAction\":[{\"@type\":\"ReadAction\",\"target\":[\"https:\/\/domaine-ragot.com\/shop\/produit\/givry-blanc-teppe-des-cheneves-2020\/\"]}]},{\"@type\":\"BreadcrumbList\",\"@id\":\"https:\/\/domaine-ragot.com\/shop\/produit\/givry-blanc-teppe-des-cheneves-2020\/#breadcrumb\",\"itemListElement\":[{\"@type\":\"ListItem\",\"position\":1,\"name\":\"Accueil\",\"item\":\"https:\/\/domaine-ragot.com\/shop\/\"},{\"@type\":\"ListItem\",\"position\":2,\"name\":\"Produits\",\"item\":\"https:\/\/domaine-ragot.com\/shop\/shop\/\"},{\"@type\":\"ListItem\",\"position\":3,\"name\":\"Givry Blanc | \u00ab Teppe des Chen\u00e8ves \u00bb | 2023\"}]},{\"@type\":\"WebSite\",\"@id\":\"https:\/\/domaine-ragot.com\/shop\/#website\",\"url\":\"https:\/\/domaine-ragot.com\/shop\/\",\"name\":\"Shop - Domaine Nicolas Ragot\",\"description\":\"\",\"potentialAction\":[{\"@type\":\"SearchAction\",\"target\":{\"@type\":\"EntryPoint\",\"urlTemplate\":\"https:\/\/domaine-ragot.com\/shop\/?s={search_term_string}\"},\"query-input\":\"required name=search_term_string\"}],\"inLanguage\":\"fr-FR\"}]}<\/script>\n<!-- \/ Yoast SEO plugin. -->","yoast_head_json":{"title":"DOMAINE RAGOT | Acheter en ligne | Givry 1er Cru \u00ab Clos Jus \u00bb 2017","description":"Acheter en ligne nos Grands Vins de Bourgogne | Givry 1er Cru \u00ab Clos Jus \u00bb 2017","robots":{"index":"index","follow":"follow","max-snippet":"max-snippet:-1","max-image-preview":"max-image-preview:large","max-video-preview":"max-video-preview:-1"},"canonical":"https:\/\/domaine-ragot.com\/shop\/produit\/givry-blanc-teppe-des-cheneves-2020\/","og_locale":"fr_FR","og_type":"article","og_title":"DOMAINE RAGOT | Acheter en ligne | Givry 1er Cru \u00ab Clos Jus \u00bb 2017","og_description":"Acheter en ligne nos Grands Vins de Bourgogne | Givry 1er Cru \u00ab Clos Jus \u00bb 2017","og_url":"https:\/\/domaine-ragot.com\/shop\/produit\/givry-blanc-teppe-des-cheneves-2020\/","og_site_name":"Shop - Domaine Nicolas Ragot","article_modified_time":"2025-10-04T10:46:20+00:00","og_image":[{"width":1280,"height":2560,"url":"https:\/\/domaine-ragot.com\/shop\/wp-content\/uploads\/2024\/08\/Teppe-Blanc-23--scaled.jpeg","type":"image\/jpeg"}],"twitter_card":"summary_large_image","schema":{"@context":"https:\/\/schema.org","@graph":[{"@type":"WebPage","@id":"https:\/\/domaine-ragot.com\/shop\/produit\/givry-blanc-teppe-des-cheneves-2020\/","url":"https:\/\/domaine-ragot.com\/shop\/produit\/givry-blanc-teppe-des-cheneves-2020\/","name":"DOMAINE RAGOT | Acheter en ligne | Givry 1er Cru \u00ab Clos Jus \u00bb 2017","isPartOf":{"@id":"https:\/\/domaine-ragot.com\/shop\/#website"},"datePublished":"2021-06-17T09:36:41+00:00","dateModified":"2025-10-04T10:46:20+00:00","description":"Acheter en ligne nos Grands Vins de Bourgogne | Givry 1er Cru \u00ab Clos Jus \u00bb 2017","breadcrumb":{"@id":"https:\/\/domaine-ragot.com\/shop\/produit\/givry-blanc-teppe-des-cheneves-2020\/#breadcrumb"},"inLanguage":"fr-FR","potentialAction":[{"@type":"ReadAction","target":["https:\/\/domaine-ragot.com\/shop\/produit\/givry-blanc-teppe-des-cheneves-2020\/"]}]},{"@type":"BreadcrumbList","@id":"https:\/\/domaine-ragot.com\/shop\/produit\/givry-blanc-teppe-des-cheneves-2020\/#breadcrumb","itemListElement":[{"@type":"ListItem","position":1,"name":"Accueil","item":"https:\/\/domaine-ragot.com\/shop\/"},{"@type":"ListItem","position":2,"name":"Produits","item":"https:\/\/domaine-ragot.com\/shop\/shop\/"},{"@type":"ListItem","position":3,"name":"Givry Blanc | \u00ab Teppe des Chen\u00e8ves \u00bb | 2023"}]},{"@type":"WebSite","@id":"https:\/\/domaine-ragot.com\/shop\/#website","url":"https:\/\/domaine-ragot.com\/shop\/","name":"Shop - Domaine Nicolas Ragot","description":"","potentialAction":[{"@type":"SearchAction","target":{"@type":"EntryPoint","urlTemplate":"https:\/\/domaine-ragot.com\/shop\/?s={search_term_string}"},"query-input":"required name=search_term_string"}],"inLanguage":"fr-FR"}]}},"_links":{"self":[{"href":"https:\/\/domaine-ragot.com\/shop\/wp-json\/wp\/v2\/product\/1216"}],"collection":[{"href":"https:\/\/domaine-ragot.com\/shop\/wp-json\/wp\/v2\/product"}],"about":[{"href":"https:\/\/domaine-ragot.com\/shop\/wp-json\/wp\/v2\/types\/product"}],"wp:featuredmedia":[{"embeddable":true,"href":"https:\/\/domaine-ragot.com\/shop\/wp-json\/wp\/v2\/media\/1715"}],"wp:attachment":[{"href":"https:\/\/domaine-ragot.com\/shop\/wp-json\/wp\/v2\/media?parent=1216"}],"wp:term":[{"taxonomy":"product_cat","embeddable":true,"href":"https:\/\/domaine-ragot.com\/shop\/wp-json\/wp\/v2\/product_cat?post=1216"},{"taxonomy":"product_tag","embeddable":true,"href":"https:\/\/domaine-ragot.com\/shop\/wp-json\/wp\/v2\/product_tag?post=1216"}],"curies":[{"name":"wp","href":"https:\/\/api.w.org\/{rel}","templated":true}]}}