{"id":1203,"date":"2021-06-17T11:18:02","date_gmt":"2021-06-17T09:18:02","guid":{"rendered":"https:\/\/domaine-ragot.com\/shop\/?post_type=product&#038;p=1203"},"modified":"2025-09-26T14:16:13","modified_gmt":"2025-09-26T12:16:13","slug":"givry-1er-cru-clos-jus-2020","status":"publish","type":"product","link":"https:\/\/domaine-ragot.com\/shop\/produit\/givry-1er-cru-clos-jus-2020\/","title":{"rendered":"Givry 1er Cru | \u00ab Clos Jus \u00bb | 2023"},"content":{"rendered":"","protected":false},"excerpt":{"rendered":"<p>Une exposition plein Est sur des terres rouges et une roche calcaire qui offre une expression du terroir unique et bien sp\u00e9cifique : des notes de fum\u00e9 et de cuir au nez, puis des notes de sous-bois, animales et \u00e9pic\u00e9es en bouche. Puissant dans la finesse, c\u2019est le c\u00f4t\u00e9 masculin de Givry<\/p>\n<p><a href=\"https:\/\/domaine-ragot.com\/shop\/wp-content\/uploads\/2020\/04\/DOMAINE-RAGOT_Givry-Rouge-1er-Cru-Clos-Jus-2018.pdf\" target=\"_blank\" rel=\"noopener noreferrer\">T\u00e9l\u00e9charger la fiche technique &gt;&gt;<\/a><\/p>\n","protected":false},"featured_media":1707,"template":"","meta":[],"product_cat":[17],"product_tag":[],"yoast_head":"<!-- This site is optimized with the Yoast SEO plugin v20.4 - https:\/\/yoast.com\/wordpress\/plugins\/seo\/ -->\n<title>DOMAINE RAGOT | Acheter en ligne | Givry 1er Cru \u00ab Clos Jus \u00bb 2017<\/title>\n<meta name=\"description\" content=\"Acheter en ligne nos Grands Vins de Bourgogne | Givry 1er Cru \u00ab Clos Jus \u00bb 2017\" \/>\n<meta name=\"robots\" content=\"index, follow, max-snippet:-1, max-image-preview:large, max-video-preview:-1\" \/>\n<link rel=\"canonical\" href=\"https:\/\/domaine-ragot.com\/shop\/produit\/givry-1er-cru-clos-jus-2020\/\" \/>\n<meta property=\"og:locale\" content=\"fr_FR\" \/>\n<meta property=\"og:type\" content=\"article\" \/>\n<meta property=\"og:title\" content=\"DOMAINE RAGOT | Acheter en ligne | Givry 1er Cru \u00ab Clos Jus \u00bb 2017\" \/>\n<meta property=\"og:description\" content=\"Acheter en ligne nos Grands Vins de Bourgogne | Givry 1er Cru \u00ab Clos Jus \u00bb 2017\" \/>\n<meta property=\"og:url\" content=\"https:\/\/domaine-ragot.com\/shop\/produit\/givry-1er-cru-clos-jus-2020\/\" \/>\n<meta property=\"og:site_name\" content=\"Shop - Domaine Nicolas Ragot\" \/>\n<meta property=\"article:modified_time\" content=\"2025-09-26T12:16:13+00:00\" \/>\n<meta property=\"og:image\" content=\"https:\/\/domaine-ragot.com\/shop\/wp-content\/uploads\/2024\/08\/Clos-jus-BT-scaled.jpeg\" \/>\n\t<meta property=\"og:image:width\" content=\"1280\" \/>\n\t<meta property=\"og:image:height\" content=\"2560\" \/>\n\t<meta property=\"og:image:type\" content=\"image\/jpeg\" \/>\n<meta name=\"twitter:card\" content=\"summary_large_image\" \/>\n<script type=\"application\/ld+json\" class=\"yoast-schema-graph\">{\"@context\":\"https:\/\/schema.org\",\"@graph\":[{\"@type\":\"WebPage\",\"@id\":\"https:\/\/domaine-ragot.com\/shop\/produit\/givry-1er-cru-clos-jus-2020\/\",\"url\":\"https:\/\/domaine-ragot.com\/shop\/produit\/givry-1er-cru-clos-jus-2020\/\",\"name\":\"DOMAINE RAGOT | Acheter en ligne | Givry 1er Cru \u00ab Clos Jus \u00bb 2017\",\"isPartOf\":{\"@id\":\"https:\/\/domaine-ragot.com\/shop\/#website\"},\"datePublished\":\"2021-06-17T09:18:02+00:00\",\"dateModified\":\"2025-09-26T12:16:13+00:00\",\"description\":\"Acheter en ligne nos Grands Vins de Bourgogne | Givry 1er Cru \u00ab Clos Jus \u00bb 2017\",\"breadcrumb\":{\"@id\":\"https:\/\/domaine-ragot.com\/shop\/produit\/givry-1er-cru-clos-jus-2020\/#breadcrumb\"},\"inLanguage\":\"fr-FR\",\"potentialAction\":[{\"@type\":\"ReadAction\",\"target\":[\"https:\/\/domaine-ragot.com\/shop\/produit\/givry-1er-cru-clos-jus-2020\/\"]}]},{\"@type\":\"BreadcrumbList\",\"@id\":\"https:\/\/domaine-ragot.com\/shop\/produit\/givry-1er-cru-clos-jus-2020\/#breadcrumb\",\"itemListElement\":[{\"@type\":\"ListItem\",\"position\":1,\"name\":\"Accueil\",\"item\":\"https:\/\/domaine-ragot.com\/shop\/\"},{\"@type\":\"ListItem\",\"position\":2,\"name\":\"Produits\",\"item\":\"https:\/\/domaine-ragot.com\/shop\/shop\/\"},{\"@type\":\"ListItem\",\"position\":3,\"name\":\"Givry 1er Cru | \u00ab Clos Jus \u00bb | 2023\"}]},{\"@type\":\"WebSite\",\"@id\":\"https:\/\/domaine-ragot.com\/shop\/#website\",\"url\":\"https:\/\/domaine-ragot.com\/shop\/\",\"name\":\"Shop - Domaine Nicolas Ragot\",\"description\":\"\",\"potentialAction\":[{\"@type\":\"SearchAction\",\"target\":{\"@type\":\"EntryPoint\",\"urlTemplate\":\"https:\/\/domaine-ragot.com\/shop\/?s={search_term_string}\"},\"query-input\":\"required name=search_term_string\"}],\"inLanguage\":\"fr-FR\"}]}<\/script>\n<!-- \/ Yoast SEO plugin. -->","yoast_head_json":{"title":"DOMAINE RAGOT | Acheter en ligne | Givry 1er Cru \u00ab Clos Jus \u00bb 2017","description":"Acheter en ligne nos Grands Vins de Bourgogne | Givry 1er Cru \u00ab Clos Jus \u00bb 2017","robots":{"index":"index","follow":"follow","max-snippet":"max-snippet:-1","max-image-preview":"max-image-preview:large","max-video-preview":"max-video-preview:-1"},"canonical":"https:\/\/domaine-ragot.com\/shop\/produit\/givry-1er-cru-clos-jus-2020\/","og_locale":"fr_FR","og_type":"article","og_title":"DOMAINE RAGOT | Acheter en ligne | Givry 1er Cru \u00ab Clos Jus \u00bb 2017","og_description":"Acheter en ligne nos Grands Vins de Bourgogne | Givry 1er Cru \u00ab Clos Jus \u00bb 2017","og_url":"https:\/\/domaine-ragot.com\/shop\/produit\/givry-1er-cru-clos-jus-2020\/","og_site_name":"Shop - Domaine Nicolas Ragot","article_modified_time":"2025-09-26T12:16:13+00:00","og_image":[{"width":1280,"height":2560,"url":"https:\/\/domaine-ragot.com\/shop\/wp-content\/uploads\/2024\/08\/Clos-jus-BT-scaled.jpeg","type":"image\/jpeg"}],"twitter_card":"summary_large_image","schema":{"@context":"https:\/\/schema.org","@graph":[{"@type":"WebPage","@id":"https:\/\/domaine-ragot.com\/shop\/produit\/givry-1er-cru-clos-jus-2020\/","url":"https:\/\/domaine-ragot.com\/shop\/produit\/givry-1er-cru-clos-jus-2020\/","name":"DOMAINE RAGOT | Acheter en ligne | Givry 1er Cru \u00ab Clos Jus \u00bb 2017","isPartOf":{"@id":"https:\/\/domaine-ragot.com\/shop\/#website"},"datePublished":"2021-06-17T09:18:02+00:00","dateModified":"2025-09-26T12:16:13+00:00","description":"Acheter en ligne nos Grands Vins de Bourgogne | Givry 1er Cru \u00ab Clos Jus \u00bb 2017","breadcrumb":{"@id":"https:\/\/domaine-ragot.com\/shop\/produit\/givry-1er-cru-clos-jus-2020\/#breadcrumb"},"inLanguage":"fr-FR","potentialAction":[{"@type":"ReadAction","target":["https:\/\/domaine-ragot.com\/shop\/produit\/givry-1er-cru-clos-jus-2020\/"]}]},{"@type":"BreadcrumbList","@id":"https:\/\/domaine-ragot.com\/shop\/produit\/givry-1er-cru-clos-jus-2020\/#breadcrumb","itemListElement":[{"@type":"ListItem","position":1,"name":"Accueil","item":"https:\/\/domaine-ragot.com\/shop\/"},{"@type":"ListItem","position":2,"name":"Produits","item":"https:\/\/domaine-ragot.com\/shop\/shop\/"},{"@type":"ListItem","position":3,"name":"Givry 1er Cru | \u00ab Clos Jus \u00bb | 2023"}]},{"@type":"WebSite","@id":"https:\/\/domaine-ragot.com\/shop\/#website","url":"https:\/\/domaine-ragot.com\/shop\/","name":"Shop - Domaine Nicolas Ragot","description":"","potentialAction":[{"@type":"SearchAction","target":{"@type":"EntryPoint","urlTemplate":"https:\/\/domaine-ragot.com\/shop\/?s={search_term_string}"},"query-input":"required name=search_term_string"}],"inLanguage":"fr-FR"}]}},"_links":{"self":[{"href":"https:\/\/domaine-ragot.com\/shop\/wp-json\/wp\/v2\/product\/1203"}],"collection":[{"href":"https:\/\/domaine-ragot.com\/shop\/wp-json\/wp\/v2\/product"}],"about":[{"href":"https:\/\/domaine-ragot.com\/shop\/wp-json\/wp\/v2\/types\/product"}],"wp:featuredmedia":[{"embeddable":true,"href":"https:\/\/domaine-ragot.com\/shop\/wp-json\/wp\/v2\/media\/1707"}],"wp:attachment":[{"href":"https:\/\/domaine-ragot.com\/shop\/wp-json\/wp\/v2\/media?parent=1203"}],"wp:term":[{"taxonomy":"product_cat","embeddable":true,"href":"https:\/\/domaine-ragot.com\/shop\/wp-json\/wp\/v2\/product_cat?post=1203"},{"taxonomy":"product_tag","embeddable":true,"href":"https:\/\/domaine-ragot.com\/shop\/wp-json\/wp\/v2\/product_tag?post=1203"}],"curies":[{"name":"wp","href":"https:\/\/api.w.org\/{rel}","templated":true}]}}